{"id":8483,"date":"2020-09-30T10:18:49","date_gmt":"2020-09-30T03:18:49","guid":{"rendered":"https:\/\/vinatour.com.vn\/about-us\/"},"modified":"2020-11-24T11:30:21","modified_gmt":"2020-11-24T04:30:21","slug":"sur-nous","status":"publish","type":"page","link":"https:\/\/vinatour.com.vn\/fr\/sur-nous\/","title":{"rendered":"Sur Nous"},"content":{"rendered":"<p>[vc_row][vc_column][vc_empty_space height=&#8221;60px&#8221;][\/vc_column][\/vc_row][vc_row][vc_column][vc_column_text]<\/p>\n<h3><span style=\"color: #33cccc;\"><strong>QUI SOMMES-NOUS?<\/strong><\/span><\/h3>\n<p>[\/vc_column_text][vc_column_text]Fond\u00e9e en 1960, <strong>VINATOUR<\/strong> (SOCI\u00c9T\u00c9 PAR ACTIONS DE TOURISME ET DE COMMERCE INTERNATIONAL), est un des grands tour-op\u00e9rateurs renomm\u00e9s et prestigieux au Vietnam, son si\u00e8ge se trouve \u00e0 Hanoi, appartient \u00e0 l&#8217;Administration g\u00e9n\u00e9rale de tourisme du Vietnam.<\/p>\n<p><strong>VINATOUR<\/strong> a \u00e9tabli la relation commerciale avec plus de 250 tour-op\u00e9rateurs et agences de voyages de diff\u00e9rents pays dans le monde.<\/p>\n<p>\u00c0 l&#8217;\u00e9chelle mondiale, VINATOUR appara\u00eet dans la liste des membres de PATA (Association du tourisme de l&#8217;Asie pacifique), ASTA (Soci\u00e9t\u00e9 am\u00e9ricaine des agences de voyages), JATA (Association japonaise des agences de voyages)&#8230;<\/p>\n<p>Dans le but de promouvoir le Vietnam comme la destination asiatique la plus accueillante et pacifique, VINATOUR offre de nombreux choix \u00e0 ses clients (en groupe ou individuels):<\/p>\n<ul>\n<li>Voyages classiques<\/li>\n<li>Voyages culturels et \u00e0 th\u00e8mes<\/li>\n<li>\u00c9cotourisme<\/li>\n<li>Voyages d&#8217;affaires<\/li>\n<li>Tours d&#8217;aventures<\/li>\n<li>Voyages inventifs et voyages r\u00e9compenses.<\/li>\n<\/ul>\n<p>Nous proposons \u00e9galement des programmes sp\u00e9ciaux tels que :<\/p>\n<ul>\n<li>Excursions en barque<\/li>\n<li>Excursions en v\u00e9lo et en moto<\/li>\n<li>Vacances de r\u00eave dans les jolies villas au bord de la mer ou belles maisons sur pilotis \u00e0 la montagne.<\/li>\n<\/ul>\n<p>En outre, nous avons l&#8217;honneur de concevoir des voyages adapt\u00e9s \u00e0 vos d\u00e9sirs.<\/p>\n<p><strong>VINATOUR<\/strong> emploie des guides professionnels et des sp\u00e9cialistes de diff\u00e9rentes destinations. Elle utilise un r\u00e9seau d&#8217;h\u00f4tels aux crit\u00e8res internationaux et de charme situ\u00e9s dans tout le Vietnam, des bons moyens de transport, ainsi que des \u00e9quipements tr\u00e8s modernes. Tout cela pour r\u00e9pondre aux demandes les plus exigeantes du client.<\/p>\n<p><strong>&#8220;Notre objectif est la qualit\u00e9 pour la satisfaction et le bonheur de nos clients&#8221;<\/strong>[\/vc_column_text][\/vc_column][\/vc_row][vc_row][vc_column][vc_empty_space height=&#8221;20px&#8221;]<div class=\"st-list-statistic\"><div class=\"row\">            <div class=\"col-md-3 col-sm-6\">\r\n                <div class=\"item-wrapper\">\r\n                    <div class=\"item\">\r\n                        <div class=\"front\">\r\n                            <div class=\"inner\">\r\n                                <h4>100+<\/h4>\r\n                                <p class=\"sub-text\">partner<\/p>\r\n                            <\/div>\r\n                        <\/div>\r\n                        <div class=\"end\">\r\n                            <p class=\"desc\">Nam dapibus nisl vitae elit fringilla rutrum. Aenean sollicitudin, erat a elementum rutrum, neque sem pretium metus, quis mollis nisl nunc et massa.<\/p>\r\n                        <\/div>\r\n                    <\/div>\r\n                <\/div>\r\n            <\/div>\r\n                        <div class=\"col-md-3 col-sm-6\">\r\n                <div class=\"item-wrapper\">\r\n                    <div class=\"item\">\r\n                        <div class=\"front\">\r\n                            <div class=\"inner\">\r\n                                <h4>2k+<\/h4>\r\n                                <p class=\"sub-text\">properties<\/p>\r\n                            <\/div>\r\n                        <\/div>\r\n                        <div class=\"end\">\r\n                            <p class=\"desc\">Nam dapibus nisl vitae elit fringilla rutrum. Aenean sollicitudin, erat a elementum rutrum, neque sem pretium metus, quis mollis nisl nunc et massa.<\/p>\r\n                        <\/div>\r\n                    <\/div>\r\n                <\/div>\r\n            <\/div>\r\n                        <div class=\"col-md-3 col-sm-6\">\r\n                <div class=\"item-wrapper\">\r\n                    <div class=\"item\">\r\n                        <div class=\"front\">\r\n                            <div class=\"inner\">\r\n                                <h4>300+<\/h4>\r\n                                <p class=\"sub-text\">destinations<\/p>\r\n                            <\/div>\r\n                        <\/div>\r\n                        <div class=\"end\">\r\n                            <p class=\"desc\">Nam dapibus nisl vitae elit fringilla rutrum. Aenean sollicitudin, erat a elementum rutrum, neque sem pretium metus, quis mollis nisl nunc et massa.<\/p>\r\n                        <\/div>\r\n                    <\/div>\r\n                <\/div>\r\n            <\/div>\r\n                        <div class=\"col-md-3 col-sm-6\">\r\n                <div class=\"item-wrapper\">\r\n                    <div class=\"item\">\r\n                        <div class=\"front\">\r\n                            <div class=\"inner\">\r\n                                <h4>40k+<\/h4>\r\n                                <p class=\"sub-text\">booking<\/p>\r\n                            <\/div>\r\n                        <\/div>\r\n                        <div class=\"end\">\r\n                            <p class=\"desc\">Nam dapibus nisl vitae elit fringilla rutrum. Aenean sollicitudin, erat a elementum rutrum, neque sem pretium metus, quis mollis nisl nunc et massa.<\/p>\r\n                        <\/div>\r\n                    <\/div>\r\n                <\/div>\r\n            <\/div>\r\n            <\/div><\/div>[vc_empty_space height=&#8221;65px&#8221;]<div class=\"st-aboutus-info\">\r\n        <p class=\"message\">\"Aenean sollicitudin, erat a elementum rutrum, neque sem pretium metus, quis mollis nisl nunc et massa. Nam dapibus nisl vitae elit fringilla rutrum.\"<\/p>\r\n        <img decoding=\"async\" src=\"https:\/\/vinatour.com.vn\/wp-content\/uploads\/2018\/12\/default_avatar.png\" alt=\"Chuy\u00ean t\u1ed5 ch\u1ee9c c\u00e1c ch\u01b0\u01a1ng tr\u00ecnh tour du l\u1ecbch n\u1ed9i \u0111\u1ecba v\u00e0 tour qu\u1ed1c t\u1ebf\"\/>            <p class=\"name\">Adam Blin<\/p>\r\n                <p class=\"pos\">Founder<\/p>\r\n    <\/div>[vc_empty_space height=&#8221;65px&#8221;][\/vc_column][\/vc_row][vc_row full_width=&#8221;stretch_row_content_no_spaces&#8221; row_fullwidth=&#8221;yes&#8221;][vc_column css=&#8221;.vc_custom_1543386510262{padding-right: 0px !important;padding-left: 0px !important;}&#8221;]<div class=\"st-aboutus-gallery\">\r\n            <div class=\"st-flickity st-gallery\">\r\n            <div class=\"carousel\"\r\n                 data-flickity='{ \"wrapAround\": true, \"pageDots\": true , \"autoPlay\" : true}'>\r\n                                    <div class=\"item\" style=\"background-image: url('https:\/\/vinatour.com.vn\/wp-content\/uploads\/2020\/10\/banner-viantour-1.jpg')\"><\/div>\r\n                                        <div class=\"item\" style=\"background-image: url('https:\/\/vinatour.com.vn\/wp-content\/uploads\/2020\/04\/fresh-garden-da-lat-rat-dep.jpg')\"><\/div>\r\n                                        <div class=\"item\" style=\"background-image: url('https:\/\/vinatour.com.vn\/wp-content\/uploads\/2014\/11\/3.jpg')\"><\/div>\r\n                                        <div class=\"item\" style=\"background-image: url('https:\/\/vinatour.com.vn\/wp-content\/uploads\/2020\/04\/at_canh-dep-tuyet-voi-tai-nha-trang_47edcae327fed26fb85aa5a7ffd4a365.jpg')\"><\/div>\r\n                                        <div class=\"item\" style=\"background-image: url('https:\/\/vinatour.com.vn\/wp-content\/uploads\/2018\/12\/quyen-ru-con-duong-giac-mo-california-ivivu-5.jpg')\"><\/div>\r\n                                        <div class=\"item\" style=\"background-image: url('https:\/\/vinatour.com.vn\/wp-content\/uploads\/2020\/04\/banner-tour-nn-scaled.jpg')\"><\/div>\r\n                                <\/div>\r\n            <div class=\"slogan\">\r\n                <h4><\/h4>\r\n                                        <a href=\"https:\/\/vinatour.com.vn\/fr\/permis\/\" target=\"\" class=\"btn btn-primary\">Permis<\/a>\r\n                                <\/div>\r\n        <\/div>\r\n    <\/div>\r\n[\/vc_column][\/vc_row][vc_row][vc_column][vc_column_text]<\/p>\n<p>[\/vc_column_text][\/vc_column][\/vc_row]<\/p>\n","protected":false},"excerpt":{"rendered":"<p>[vc_row][vc_column][vc_empty_space height=&#8221;60px&#8221;][\/vc_column][\/vc_row][vc_row][vc_column][vc_column_text] QUI SOMMES-NOUS? [\/vc_column_text][vc_column_text]Fond\u00e9e en 1960, VINATOUR (SOCI\u00c9T\u00c9 PAR ACTIONS DE TOURISME ET DE COMMERCE INTERNATIONAL), est un des grands tour-op\u00e9rateurs renomm\u00e9s et prestigieux au Vietnam, son si\u00e8ge se trouve \u00e0 Hanoi, appartient \u00e0 l&#8217;Administration g\u00e9n\u00e9rale de tourisme du Vietnam. VINATOUR a \u00e9tabli la relation commerciale avec plus de 250 tour-op\u00e9rateurs et agences de [&hellip;]<\/p>\n","protected":false},"author":1,"featured_media":8614,"parent":0,"menu_order":0,"comment_status":"closed","ping_status":"closed","template":"template-home-modern.php","meta":{"footnotes":""},"_links":{"self":[{"href":"https:\/\/vinatour.com.vn\/fr\/wp-json\/wp\/v2\/pages\/8483\/"}],"collection":[{"href":"https:\/\/vinatour.com.vn\/fr\/wp-json\/wp\/v2\/pages\/"}],"about":[{"href":"https:\/\/vinatour.com.vn\/fr\/wp-json\/wp\/v2\/types\/page\/"}],"author":[{"embeddable":true,"href":"https:\/\/vinatour.com.vn\/fr\/wp-json\/wp\/v2\/users\/1\/"}],"replies":[{"embeddable":true,"href":"https:\/\/vinatour.com.vn\/fr\/wp-json\/wp\/v2\/comments\/?post=8483"}],"version-history":[{"count":0,"href":"https:\/\/vinatour.com.vn\/fr\/wp-json\/wp\/v2\/pages\/8483\/revisions\/"}],"wp:featuredmedia":[{"embeddable":true,"href":"https:\/\/vinatour.com.vn\/fr\/wp-json\/wp\/v2\/media\/8614\/"}],"wp:attachment":[{"href":"https:\/\/vinatour.com.vn\/fr\/wp-json\/wp\/v2\/media\/?parent=8483"}],"curies":[{"name":"wp","href":"https:\/\/api.w.org\/{rel}","templated":true}]}}